{"id":8461,"date":"2023-10-26T19:15:26","date_gmt":"2023-10-26T17:15:26","guid":{"rendered":"https:\/\/timeless.com.pl\/sklep\/?page_id=8461"},"modified":"2023-10-26T19:15:26","modified_gmt":"2023-10-26T17:15:26","slug":"datenschutzrichtlinie","status":"publish","type":"page","link":"https:\/\/timeless.com.pl\/sklep\/de\/datenschutzrichtlinie\/","title":{"rendered":"Datenschutzrichtlinie"},"content":{"rendered":"<h3>Datenschutzrichtlinie<\/h3>\n<p>Um das Prinzip der rechtm\u00e4\u00dfigen, fairen und transparenten Verarbeitung Ihrer personenbezogenen Daten w\u00e4hrend der Nutzung der Dienstleistungen von Timeless Chirurgia Plastyczna sp. z o.o. umzusetzen, hat der Administrator ein Dokument namens Datenschutzrichtlinie angenommen. Die Datenschutzrichtlinie definiert die Ziele und den Umfang der Verarbeitung personenbezogener Daten sowie deren Schutz, die rechtlichen Grundlagen sowie die Rechte der betroffenen Personen.<\/p>\n<h3>Rechtliche Grundlage<\/h3>\n<p>Informationspflicht gem\u00e4\u00df Art. 13 Abs. 1 lit. a DSGVO<br \/>\n<strong>Was ist die DSGVO?<\/strong><\/p>\n<p>Die Verordnung (EU) 2016\/679 des Europ\u00e4ischen Parlaments und des Rates vom 27. April 2016 \u00fcber den Schutz nat\u00fcrlicher Personen bei der Verarbeitung personenbezogener Daten, \u00fcber den freien Datenverkehr und zur Aufhebung der Richtlinie 95\/46\/EG (Datenschutz-Grundverordnung) DSGVO, auch bekannt als DSGVO. Die DSGVO f\u00fchrt neue Regeln zum Schutz personenbezogener Daten in Organisationen ein, die Waren und Dienstleistungen f\u00fcr EU-B\u00fcrger anbieten oder Daten, die mit EU-B\u00fcrgern in Verbindung stehen, sammeln und analysieren \u2013 unabh\u00e4ngig davon, wo sich diese Organisationen befinden. Die Verordnung zielt darauf ab, die Grundrechte und -freiheiten nat\u00fcrlicher Personen, insbesondere das Recht auf Schutz personenbezogener Daten, zu sch\u00fctzen. Derzeit gibt es in Polen keine ver\u00f6ffentlichten nationalen Datenschutzbestimmungen, jedoch empfehlen wir, das Thema im Auge zu behalten.<\/p>\n<h3>Datenverwalter f\u00fcr personenbezogene Daten<\/h3>\n<p>Der Datenverwalter ist Timeless Plastische Chirurgie Ltd. mit dem eingetragenen Sitz in Warschau, Gen. Romana Abrahama Stra\u00dfe 18\/322, eingetragen im Unternehmerregister unter der KRS-Nummer: 0000565135. Die Registerakten werden vom Amtsgericht der Hauptstadt Warschau in Warschau, XIII Wirtschaftsabteilung des Nationalen Gerichtsregisters, gef\u00fchrt, NIP: 1132892102, REGON: 361885326. Der Datenschutz erfolgt gem\u00e4\u00df den Anforderungen der allgemein geltenden Gesetze und deren Speicherung findet auf gesicherten Servern statt.<\/p>\n<h3>Datenschutzbeauftragter<\/h3>\n<p>Sie k\u00f6nnen den Datenschutzbeauftragten unter folgender E-Mail-Adresse kontaktieren: biuro@timeless.com.pl.<\/p>\n<h3>\u00dcbertragung personenbezogener Daten au\u00dferhalb des EWR<\/h3>\n<p>Der Datenverwalter beabsichtigt nicht, Daten au\u00dferhalb des Europ\u00e4ischen Wirtschaftsraums (d.h. ein Gebiet, das EU-L\u00e4nder, Norwegen, Liechtenstein und Island umfasst) zu \u00fcbertragen.<\/p>\n<h3>Dauer der Verarbeitung personenbezogener Daten<\/h3>\n<p>Personenbezogene Daten werden f\u00fcr den Zeitraum verarbeitet, der zur Erreichung der in den einzelnen Klauseln angegebenen Zwecke erforderlich ist, jedoch nicht l\u00e4nger als bis zum Widerruf der Zustimmung zu ihrer Verarbeitung oder Ausdruck des Widerspruchs gegen ihre Verarbeitung.<\/p>\n<h3>Datenempf\u00e4nger<\/h3>\n<p>Zugang zu den Daten haben Personen, die mit dem Datenverwalter zusammenarbeiten und in Ihrem Auftrag Dienstleistungen erbringen, einschlie\u00dflich derjenigen, die technische Supportdienste anbieten, Zahlungsabwickler und Einrichtungen, die im Auftrag des Datenverwalters rechtliche und finanzielle Dienstleistungen erbringen. In gesetzlich genau festgelegten F\u00e4llen, einschlie\u00dflich des Telekommunikationsgesetzes, m\u00fcssen personenbezogene Daten an sogenannte berechtigte Stellen, die Polizei und die Staatsanwaltschaft \u00fcbertragen werden.<\/p>\n<h3>Rechte der betroffenen Personen<\/h3>\n<p>Bitte beachten Sie, dass rechtliche Dokumente und Texte, die in eine andere Sprache \u00fcbersetzt werden, von einem spezialisierten \u00dcbersetzer \u00fcberpr\u00fcft werden sollten, um sicherzustellen, dass sie korrekt und in \u00dcbereinstimmung mit den lokalen Gesetzen sind.<\/p>\n<h3>Dauer der Verarbeitung personenbezogener Daten<\/h3>\n<p>Personenbezogene Daten werden f\u00fcr den Zeitraum verarbeitet, der f\u00fcr die in den einzelnen Klauseln festgelegten Ziele erforderlich ist, jedoch nicht l\u00e4nger, bis die Zustimmung zu ihrer Verarbeitung zur\u00fcckgezogen oder Widerspruch gegen ihre Verarbeitung eingelegt wird.<\/p>\n<h3>Datenempf\u00e4nger<\/h3>\n<p>Zugriff auf die Daten wird Personen gew\u00e4hrt, die mit dem Datenverwalter zusammenarbeiten und in Ihrem Namen Dienstleistungen erbringen, einschlie\u00dflich derjenigen, die technische Unterst\u00fctzungsdienste anbieten, Zahlungsabwickler und Einrichtungen, die rechtliche und finanzielle Dienstleistungen im Auftrag des Datenverwalters erbringen. In gesetzlich streng definierten F\u00e4llen, einschlie\u00dflich des Telekommunikationsgesetzes, m\u00fcssen personenbezogene Daten an sogenannte berechtigte Stellen wie die Polizei und die Staatsanwaltschaft weitergegeben werden.<\/p>\n<h3>Rechte der betroffenen Personen<\/h3>\n<p>In Verbindung mit der Verarbeitung Ihrer Daten durch den Datenverwalter haben Sie das Recht zu:<br \/>\n1. Zugriff auf personenbezogene Daten, d.h. Informationen dar\u00fcber zu erhalten, ob der Datenverwalter Ihre Daten verarbeitet und wenn ja, in welchem Umfang,<br \/>\n2. Korrektur personenbezogener Daten, wenn sie Ihrer Meinung nach unrichtig oder unvollst\u00e4ndig sind,<br \/>\n3. Einschr\u00e4nkung der Datenverarbeitung, d.h., den Datenverwalter anzuweisen, zuvor gesammelte Daten zu speichern und weitere Operationen an den Daten auszusetzen, mit Ausnahme ihrer Speicherung,<br \/>\n4. L\u00f6schung von Daten, die ohne triftigen Grund vom Datenverwalter verarbeitet werden,<br \/>\n5. \u00dcbertragung personenbezogener Daten, d.h., Daten an einen anderen Datenverwalter zu senden (z.B. einen anderen Betreiber) oder sie an Sie zu senden.<\/p>\n<h3>Widerruf der Zustimmung<\/h3>\n<p>Falls die Datenverarbeitung auf Ihrer Zustimmung beruht, haben Sie das Recht, diese Zustimmung jederzeit zu widerrufen. Es wird jedoch darauf hingewiesen, dass der Widerruf der Zustimmung die Rechtm\u00e4\u00dfigkeit der auf der Zustimmung beruhenden Verarbeitung vor ihrem Widerruf nicht beeintr\u00e4chtigt.<\/p>\n<h3>Recht, eine Beschwerde bei einer Aufsichtsbeh\u00f6rde einzulegen<\/h3>\n<p>Wenn Sie der Meinung sind, dass die Verarbeitung Ihrer Daten gegen die DSGVO verst\u00f6\u00dft, haben Sie das Recht, bei einer Aufsichtsbeh\u00f6rde Beschwerde einzulegen.<\/p>\n<h3>Sicherheit der Verbindung und Daten\u00fcbertragung<\/h3>\n<p>Die Kommunikation zwischen dem Client und der Webseite timeless.com.pl ist durch ein sicheres Zertifikat und ein verschl\u00fcsseltes SSL-Protokoll gesichert.<\/p>\n<h3>Informationen zu Cookies<\/h3>\n<p>Diese Richtlinie betrifft &#8222;Cookies&#8220; und bezieht sich auf die Webseite timeless.com.pl, betrieben von Timeless Chirurgia Plastyczna sp. z o.o., im Folgenden als Webseite bezeichnet.<br \/>\nBitte beachten Sie, dass f\u00fcr offizielle Dokumente und rechtliche Texte eine \u00dcberpr\u00fcfung durch einen professionellen \u00dcbersetzer empfohlen wird, um Genauigkeit und Konformit\u00e4t mit lokalen Gesetzen und Vorschriften sicherzustellen.<br \/>\n<strong>Was sind \u201eCookies\u201c?<\/strong><\/p>\n<p>&#8222;Cookies&#8220; sind Computernutzerdaten, die f\u00fcr Webseiten bestimmt sind und auf den Endger\u00e4ten der Nutzer gespeichert werden. Diese Dateien erm\u00f6glichen es, das Ger\u00e4t des Nutzers zu erkennen und die Webseite entsprechend ihren individuellen Vorlieben anzuzeigen. &#8222;Cookies&#8220; enthalten den Namen der Webseite, von der sie stammen, ihre Speicherzeit und eine eindeutige Kennung.<\/p>\n<p><strong>Warum ben\u00f6tigen wir \u201eCookies\u201c?<\/strong><\/p>\n<p>&#8222;Cookies&#8220; werden verwendet, um den Benutzer anzumelden (Sitzungsinformationen) und die Nutzung der Webseite zu optimieren. Sie werden auch verwendet, um anonyme Statistiken zu erstellen.<\/p>\n<p><strong>Enthalten \u201eCookies\u201c pers\u00f6nliche Daten?<\/strong><\/p>\n<p>&#8222;Cookies&#8220; enthalten keine personenbezogenen Daten.<\/p>\n<p><strong>L\u00f6schen von \u201eCookies\u201c<\/strong><\/p>\n<p>Die standardm\u00e4\u00dfig f\u00fcr das Durchsuchen von Webseiten verwendete Software erm\u00f6glicht das Speichern von &#8222;Cookies&#8220;. Diese Einstellungen k\u00f6nnen ge\u00e4ndert werden, um das automatische Verarbeiten von &#8222;Cookies&#8220; zu blockieren oder jedes Mal zu benachrichtigen, wenn sie an das Ger\u00e4t des Benutzers \u00fcbertragen werden. Detaillierte Informationen \u00fcber die M\u00f6glichkeiten und Methoden zur Handhabung von &#8222;Cookies&#8220; finden Sie in den Softwareeinstellungen (Webbrowser). Das Einschr\u00e4nken der Verwendung von &#8222;Cookies&#8220; kann die ordnungsgem\u00e4\u00dfe Funktion der Webseite beeintr\u00e4chtigen.<\/p>\n","protected":false},"excerpt":{"rendered":"<p>Datenschutzrichtlinie Um das Prinzip der rechtm\u00e4\u00dfigen, fairen und transparenten Verarbeitung Ihrer personenbezogenen Daten w\u00e4hrend der Nutzung der Dienstleistungen von Timeless Chirurgia Plastyczna sp. z o.o. umzusetzen, hat der Administrator ein Dokument namens Datenschutzrichtlinie angenommen. Die [&hellip;]<\/p>\n","protected":false},"author":2,"featured_media":0,"parent":0,"menu_order":0,"comment_status":"closed","ping_status":"closed","template":"page-nophoto.php","meta":{"_acf_changed":false,"footnotes":""},"class_list":["post-8461","page","type-page","status-publish","hentry"],"acf":[],"_links":{"self":[{"href":"https:\/\/timeless.com.pl\/sklep\/de\/wp-json\/wp\/v2\/pages\/8461","targetHints":{"allow":["GET"]}}],"collection":[{"href":"https:\/\/timeless.com.pl\/sklep\/de\/wp-json\/wp\/v2\/pages"}],"about":[{"href":"https:\/\/timeless.com.pl\/sklep\/de\/wp-json\/wp\/v2\/types\/page"}],"author":[{"embeddable":true,"href":"https:\/\/timeless.com.pl\/sklep\/de\/wp-json\/wp\/v2\/users\/2"}],"replies":[{"embeddable":true,"href":"https:\/\/timeless.com.pl\/sklep\/de\/wp-json\/wp\/v2\/comments?post=8461"}],"version-history":[{"count":1,"href":"https:\/\/timeless.com.pl\/sklep\/de\/wp-json\/wp\/v2\/pages\/8461\/revisions"}],"predecessor-version":[{"id":8462,"href":"https:\/\/timeless.com.pl\/sklep\/de\/wp-json\/wp\/v2\/pages\/8461\/revisions\/8462"}],"wp:attachment":[{"href":"https:\/\/timeless.com.pl\/sklep\/de\/wp-json\/wp\/v2\/media?parent=8461"}],"curies":[{"name":"wp","href":"https:\/\/api.w.org\/{rel}","templated":true}]}}