{"id":8262,"date":"2018-09-20T09:59:39","date_gmt":"2018-09-20T07:59:39","guid":{"rendered":"https:\/\/timeless.com.pl\/sklep\/produkt\/konsultacja-dr-janusz-jaworowski\/"},"modified":"2023-07-12T18:08:35","modified_gmt":"2023-07-12T16:08:35","slug":"konsultation-dr-janusz-jaworowski","status":"publish","type":"product","link":"https:\/\/timeless.com.pl\/sklep\/de\/produkt\/konsultation-dr-janusz-jaworowski\/","title":{"rendered":"Konsultation bei Dr. Janusz Jaworowski"},"content":{"rendered":"<h3>Dr Janusz Jaworowski<\/h3>\n<blockquote><p>\u2013 Gr\u00fcnder und Leiter des Teams<br \/>\nvon Fachleuten bei Timeless Plastische Chirurgie.<\/p><\/blockquote>\n<p><strong>Spezialist f\u00fcr plastische, allgemeine und onkologische Chirurgie mit \u00fcber f\u00fcnfundzwanzigj\u00e4hriger klinischer Erfahrung. Er f\u00fchrt jede Operation in den Bereichen plastische, \u00e4sthetische und regenerative Chirurgie, onkologische Chirurgie und rekonstruktive Chirurgie zur Korrektur von Deformationen nach onkologischer Behandlung durch. Er ist spezialisiert auf die kompliziertesten rekonstruktiven Operationen mit mikrochirurgischen Gewebelappen sowohl bei Erwachsenen als auch bei Kindern.<\/strong><\/p>\n<p>Preistr\u00e4ger f\u00fcr wissenschaftliche Leistungen (Luminatus 2015; Polnische Erfindung 2014 &#8211; BioImplant; Goldmedaille auf der Internationalen Erfindungsmesse und Medaille des franz\u00f6sischen Ministeriums f\u00fcr Bildung, Hochschulbildung und Forschung, Concours Lepin, 2014).<\/p>\n<p><strong>Entdecker neuer Technologien<\/strong> in der plastischen Chirurgie, Stammzellforscher, Autor und Initiator von drei hochbudget\u00e4ren interdisziplin\u00e4ren wissenschaftlichen Projekten, die vom NCBR und der Europ\u00e4ischen Union finanziert werden. In seiner t\u00e4glichen Arbeit nutzt er die neuesten Errungenschaften in der Gewebeingenieurwissenschaft, der molekularen Biologie und der computergest\u00fctzten plastischen Chirurgie, um die besten Ergebnisse in der Behandlung von Defekten in verschiedenen K\u00f6rperbereichen zur Optimierung der Patientenergebnisse zu erzielen. Er sucht st\u00e4ndig nach immer effektiveren und sichereren L\u00f6sungen f\u00fcr seine Patienten.<\/p>\n<p><strong>Mitglied der Polnischen Gesellschaft f\u00fcr Plastische, Rekonstruktive und \u00c4sthetische Chirurgie (PTChPRiE), der Internationalen Gesellschaft f\u00fcr Plastische, Rekonstruktive und \u00c4sthetische Chirurgie (IPRAS), der Polnischen Gesellschaft f\u00fcr Onkologische Chirurgie (PTCHO), der Gesellschaft der Polnischen Chirurgen (TCHP).<\/strong><\/p>\n<p><strong>Akademischer Lehrer<\/strong> im Bereich der plastischen Chirurgie am Zentrum f\u00fcr medizinische Fortbildung in Warschau. Dozent f\u00fcr \u00e4sthetische Medizin an der Medizinischen Universit\u00e4t Warschau. Autor und Hauptdozent eines innovativen wissenschaftlichen und bildenden Projekts f\u00fcr \u00c4rzte im Bereich der rekonstruktiven Mikrochirurgie, der &#8222;Polnischen Akademie f\u00fcr Mikrochirurgie&#8220;.<\/p>\n<p><strong>Teilnehmer an mehreren Dutzend ausl\u00e4ndischen Kursen und Schulungen.<\/strong> Dar\u00fcber hinaus gibt er seine F\u00e4higkeiten als aktiver Teilnehmer und Referent auf f\u00fchrenden wissenschaftlichen Kongressen im Bereich der plastischen (IPRAS), rekonstruktiven und \u00e4sthetischen Chirurgie, onkologischen Chirurgie (ESSO, ASCO) weiter.<\/p>\n<p><strong>Autor zahlreicher Publikationen und wissenschaftlicher Vortr\u00e4ge \u00fcber plastische und \u00e4sthetische Chirurgie.<\/strong><\/p>\n","protected":false},"excerpt":{"rendered":"<p>Achtung: Bevor Sie die Konsultation bezahlen, stellen Sie sicher, dass Sie einen Termin bei Timeless Plastische Chirurgie vereinbart haben. Wenn nicht, vereinbaren Sie bitte vorab einen Termin mit der Rezeption von Timeless. Die Kontaktdaten finden Sie auf der <a href='\/kontakt'>Kontakt<\/a>-Seite.<\/p>\n","protected":false},"featured_media":8263,"template":"","meta":{"_acf_changed":false},"product_brand":[],"product_cat":[86],"product_tag":[],"class_list":{"0":"post-8262","1":"product","2":"type-product","3":"status-publish","4":"has-post-thumbnail","6":"product_cat-beratungen-de","8":"first","9":"instock","10":"sale","11":"virtual","12":"sold-individually","13":"taxable","14":"purchasable","15":"product-type-simple"},"acf":[],"_links":{"self":[{"href":"https:\/\/timeless.com.pl\/sklep\/de\/wp-json\/wp\/v2\/product\/8262","targetHints":{"allow":["GET"]}}],"collection":[{"href":"https:\/\/timeless.com.pl\/sklep\/de\/wp-json\/wp\/v2\/product"}],"about":[{"href":"https:\/\/timeless.com.pl\/sklep\/de\/wp-json\/wp\/v2\/types\/product"}],"wp:featuredmedia":[{"embeddable":true,"href":"https:\/\/timeless.com.pl\/sklep\/de\/wp-json\/wp\/v2\/media\/8263"}],"wp:attachment":[{"href":"https:\/\/timeless.com.pl\/sklep\/de\/wp-json\/wp\/v2\/media?parent=8262"}],"wp:term":[{"taxonomy":"product_brand","embeddable":true,"href":"https:\/\/timeless.com.pl\/sklep\/de\/wp-json\/wp\/v2\/product_brand?post=8262"},{"taxonomy":"product_cat","embeddable":true,"href":"https:\/\/timeless.com.pl\/sklep\/de\/wp-json\/wp\/v2\/product_cat?post=8262"},{"taxonomy":"product_tag","embeddable":true,"href":"https:\/\/timeless.com.pl\/sklep\/de\/wp-json\/wp\/v2\/product_tag?post=8262"}],"curies":[{"name":"wp","href":"https:\/\/api.w.org\/{rel}","templated":true}]}}