{"id":1360,"date":"2018-09-29T19:30:54","date_gmt":"2018-09-29T17:30:54","guid":{"rendered":"http:\/\/timeless.com.pl\/?page_id=1360"},"modified":"2020-11-24T14:29:15","modified_gmt":"2020-11-24T13:29:15","slug":"polityka-prywatnosci","status":"publish","type":"page","link":"https:\/\/timeless.com.pl\/sklep\/polityka-prywatnosci\/","title":{"rendered":"Polityka prywatno\u015bci"},"content":{"rendered":"<h3>Polityka prywatno\u015bci<\/h3>\n<p>W celu realizacji zasady zgodnego z prawem, rzetelnego i przejrzystego przetwarzania Pa\u0144stwa danych osobowych w trakcie korzystania z us\u0142ug Timeless Chirurgia Plastyczna sp. z o.o., administrator przyj\u0105\u0142 dokument zwany Polityk\u0105 Prywatno\u015bci. Polityka Prywatno\u015bci okre\u015bla cele i zakres przetwarzania danych osobowych oraz spos\u00f3b ich ochrony, podstawy prawne oraz prawa os\u00f3b, kt\u00f3rych dane dotycz\u0105.<\/p>\n<h3>Podstawa prawna<\/h3>\n<p>obowi\u0105zek informacyjny art. 13 ust. 1 lit. a RODO<\/p>\n<p><strong>Czym jest RODO?<\/strong><\/p>\n<p>Rozporz\u0105dzenie Parlamentu Europejskiego i Rady (UE) 2016\/679 z dnia 27 kwietnia 2016 r. w sprawie ochrony os\u00f3b fizycznych w zwi\u0105zku z przetwarzaniem danych osobowych i w sprawie swobodnego przep\u0142ywu takich danych oraz uchylenia dyrektywy 95\/46\/WE (og\u00f3lne Rozporz\u0105dzenie o Ochronie Danych Osobowych) RODO zwane te\u017c GDPR. RODO wprowadza nowe zasady ochrony danych osobowych w organizacjach, kt\u00f3re oferuj\u0105 towary i us\u0142ugi dla<br \/>\nobywateli Unii Europejskiej (UE) lub dla takich, kt\u00f3re zbieraj\u0105 i analizuj\u0105 dane powi\u0105zane z obywatelami UE \u2013 niezale\u017cnie od tego gdzie organizacje te si\u0119 znajduj\u0105.<br \/>\nRozporz\u0105dzenie ma na celu ochron\u0119 podstawowych praw i wolno\u015bci os\u00f3b fizycznych, w szczeg\u00f3lno\u015bci prawa do ochrony danych osobowych. W tej chwili w Polsce brak jeszcze opublikowanych krajowych przepis\u00f3w o ochronie danych osobowych, zach\u0119camy jednak do \u015bledzenia tematu.<\/p>\n<h3>Administrator danych osobowych<\/h3>\n<p>Administratorem danych jest Timeless Chirurgia Plastyczna sp. z o.o. z siedzib\u0105 w Warszawie, ul. Gen. Romana Abrahama 18\/322, wpisanej do Rejestru Przedsi\u0119biorc\u00f3w pod numerem KRS: 0000565135, dla kt\u00f3rej akta rejestrowe prowadzi S\u0105d Rejonowy dla m.st.Warszawy w Warszawie, XIII Wydzia\u0142 Gospodarczy Krajowego Rejestru S\u0105dowego, NIP: 1132892102, REGON: 361885326. Ochrona danych odbywa si\u0119 zgodnie z wymogami powszechnie obowi\u0105zuj\u0105cych przepis\u00f3w prawa, a ich przechowywanie ma miejsce na zabezpieczonych serwerach.<\/p>\n<h3>Inspektor Ochrony Danych<\/h3>\n<p>Z Inspektorem Ochrony Danych mo\u017cna kontaktowa\u0107 si\u0119 pod nast\u0119puj\u0105cym adresem email: biuro@timeless.com.pl.<\/p>\n<h3>Przekazywanie danych osobowych poza obszar EOG<\/h3>\n<p>Administrator danych nie zamierza przekazywa\u0107 danych poza obszar Europejskiego Obszaru Gospodarczego (tj. obszar obejmuj\u0105cy kraje Unii Europejskiej, Norwegi\u0119, Liechtenstein i Islandi\u0119).<\/p>\n<h3>Okres przetwarzania danych osobowych<\/h3>\n<p>Dane osobowe przetwarzane b\u0119d\u0105 przez okres niezb\u0119dny do realizacji wskazanych w poszczeg\u00f3lnych klauzulach cel\u00f3w przetwarzania, nie d\u0142u\u017cej ni\u017c do czasu cofni\u0119cia zgody na ich przetwarzanie lub wyra\u017cenia sprzeciwu wobec ich przetwarzania.<\/p>\n<h3>Odbiorcy danych<\/h3>\n<p>Dost\u0119p do danych b\u0119d\u0105 mia\u0142y osoby pracuj\u0105ce i wsp\u00f3\u0142pracuj\u0105ce z Administratorem danych w zakresie realizacji na Pa\u0144stwa rzecz us\u0142ug, w tym realizuj\u0105cych us\u0142ugi wsparcia technicznego, operatorzy p\u0142atno\u015bci oraz podmioty realizuj\u0105ce us\u0142ugi prawnofinansowe na rzecz Administratora danych. Dane osobowe w przypadkach \u015bci\u015ble okre\u015blonych przepisami prawa, w tym m.in. ustawy Prawo telekomunikacyjne b\u0119d\u0105 musia\u0142y by\u0107 przekazane tak zwanym uprawnionym organom, Policji, prokuraturze.<\/p>\n<h3>Prawa os\u00f3b, kt\u00f3rych dane dotycz\u0105<\/h3>\n<p>W zwi\u0105zku z przetwarzaniem Pa\u0144stwa danych przez Administratora Danych, przys\u0142uguje Pa\u0144stwu:<br \/>\n1. dost\u0119pu do danych osobowych, tj. uzyskania informacji, czy Administrator danych<br \/>\nprzetwarza Pa\u0144stwa dane, a je\u015bli tak, to w jakim zakresie,<br \/>\n2. sprostowania danych osobowych, w przypadku, gdy Pa\u0144stwa zdaniem s\u0105 one nieprawid\u0142owe lub niekompletne,<br \/>\n3. ograniczenia przetwarzania danych, tj. nakazania przechowywania danych dotychczas<br \/>\nzebranych przez Administratora danych i wstrzymania dalszych operacji na danych, za<br \/>\nwyj\u0105tkiem ich przechowywania,<br \/>\n4. usuni\u0119cia przetwarzania danych, kt\u00f3re przetwarzane s\u0105 przez Administratora danych<br \/>\nbezpodstawnie,<br \/>\n5. przeniesienia danych osobowych, tj. przes\u0142ania danych innemu administratorowi danych (np. innemu operatorowi) lub przes\u0142ania ich do Pa\u0144stwa.<\/p>\n<h3>Mo\u017cliwo\u015b\u0107 wycofania zgody<\/h3>\n<p>W przypadku, gdy przetwarzanie danych odbywa si\u0119 w oparciu o wyra\u017con\u0105 przez Pa\u0144stwa zgod\u0119, przys\u0142uguje Pa\u0144stwu prawo do cofni\u0119cia tej zgody w dowolnym momencie, z tym zastrze\u017ceniem, \u017ce wycofanie zgody nie wp\u0142ywa na zgodno\u015b\u0107 z prawem przetwarzania, kt\u00f3rego dokonano na podstawie zgody przed jej cofni\u0119ciem.<\/p>\n<h3>Prawo wniesienia skargi do organu nadzorczego<\/h3>\n<p>W przypadkach uznania, i\u017c przetwarzanie Pa\u0144stwa danych narusza przepisy RODO, przys\u0142uguje Pa\u0144stwu prawo do wniesienia skargi do organu nadzorczego.<\/p>\n<h3>Bezpiecze\u0144stwo po\u0142\u0105czenia i transmisji danych<\/h3>\n<p>Komunikacja pomi\u0119dzy Klientem, a stron\u0105 intenetow\u0105 timeless.com.pl zabezpieczona jest przy pomocy bezpiecznego certyfkatu, zaszyfrowanego protoko\u0142u SSL.<\/p>\n<h3>Informacje o cookies<\/h3>\n<p>Niniejsza Polityka dotyczy plik\u00f3w \u201ccookies\u201d i odnosi si\u0119 do strony internetowej timeless.com.pl, kt\u00f3rej operatorem jest Timeless Chirurgia Plastyczna sp. z o.o., zwanej dalej Stron\u0105 Internetow\u0105.<\/p>\n<p><strong>Czym s\u0105 pliki \u201ccookie\u201d?<\/strong><\/p>\n<p>Poprzez pliki \u201ccookies\u201d nale\u017cy rozumie\u0107 dane informatyczne przeznaczone do korzystania ze stron internetowych, przechowywane w urz\u0105dzeniach ko\u0144cowych u\u017cytkownik\u00f3w. Pliki te pozwalaj\u0105 rozpozna\u0107 urz\u0105dzenie u\u017cytkownika i wy\u015bwietli\u0107 stron\u0119 internetow\u0105 dostosowan\u0105 do jego indywidualnych preferencji. Pliki \u201ccookies\u201d zawieraj\u0105 nazw\u0119 strony internetowej z kt\u00f3rej pochodz\u0105, czas przechowywania oraz unikalny identyfikator.<\/p>\n<p><strong>Do czego pliki \u201ccookie\u201d s\u0105 nam potrzebne?<\/strong><\/p>\n<p>Pliki \u201ccookies\u201d u\u017cywane s\u0105 do zalogowania u\u017cytkownika (informacja o sesji) oraz optymalizacji korzystania ze strony internetowej. U\u017cywane s\u0105 r\u00f3wnie\u017c w celu tworzenia anonimowych statystyk.<\/p>\n<p><strong>Czy pliki \u201ccookie\u201d zawieraj\u0105 dane osobowe?<\/strong><\/p>\n<p>Pliki \u201ccookies\u201d nie zawieraj\u0105 danych osobowych.<\/p>\n<p><strong>Usuwanie plik\u00f3w \u201ccookies\u201d<\/strong><\/p>\n<p>Oprogramowanie s\u0142u\u017c\u0105ce do przegl\u0105dania stron internetowych domy\u015blnie dopuszcza zapisywanie plik\u00f3w \u201ccookies\u201d. Ustawienia te mog\u0105 zosta\u0107 zmienione w taki spos\u00f3b, aby blokowa\u0107 automatyczn\u0105 obs\u0142ug\u0119 plik\u00f3w \u201ccookies\u201d lub informowa\u0107 o ich ka\u017cdorazowym przes\u0142aniu na urz\u0105dzenie u\u017cytkownika. Szczeg\u00f3\u0142owe informacje o mo\u017cliwo\u015bci i sposobach obs\u0142ugi plik\u00f3w \u201ccookies\u201d dost\u0119pne s\u0105 w ustawieniach oprogramowania (przegl\u0105darce internetowej). Ograniczenie stosowania plik\u00f3w \u201ccookies\u201d, mo\u017ce uniemo\u017cliwi\u0107 poprawne dzia\u0142anie Strony Internetowej.<\/p>\n","protected":false},"excerpt":{"rendered":"<p>Polityka prywatno\u015bci W celu realizacji zasady zgodnego z prawem, rzetelnego i przejrzystego przetwarzania Pa\u0144stwa danych osobowych w trakcie korzystania z us\u0142ug Timeless Chirurgia Plastyczna sp. z o.o., administrator przyj\u0105\u0142 dokument zwany Polityk\u0105 Prywatno\u015bci. Polityka Prywatno\u015bci [&hellip;]<\/p>\n","protected":false},"author":2,"featured_media":0,"parent":0,"menu_order":0,"comment_status":"closed","ping_status":"closed","template":"page-nophoto.php","meta":{"_acf_changed":false,"footnotes":""},"class_list":["post-1360","page","type-page","status-publish","hentry"],"acf":[],"_links":{"self":[{"href":"https:\/\/timeless.com.pl\/sklep\/wp-json\/wp\/v2\/pages\/1360","targetHints":{"allow":["GET"]}}],"collection":[{"href":"https:\/\/timeless.com.pl\/sklep\/wp-json\/wp\/v2\/pages"}],"about":[{"href":"https:\/\/timeless.com.pl\/sklep\/wp-json\/wp\/v2\/types\/page"}],"author":[{"embeddable":true,"href":"https:\/\/timeless.com.pl\/sklep\/wp-json\/wp\/v2\/users\/2"}],"replies":[{"embeddable":true,"href":"https:\/\/timeless.com.pl\/sklep\/wp-json\/wp\/v2\/comments?post=1360"}],"version-history":[{"count":5,"href":"https:\/\/timeless.com.pl\/sklep\/wp-json\/wp\/v2\/pages\/1360\/revisions"}],"predecessor-version":[{"id":1435,"href":"https:\/\/timeless.com.pl\/sklep\/wp-json\/wp\/v2\/pages\/1360\/revisions\/1435"}],"wp:attachment":[{"href":"https:\/\/timeless.com.pl\/sklep\/wp-json\/wp\/v2\/media?parent=1360"}],"curies":[{"name":"wp","href":"https:\/\/api.w.org\/{rel}","templated":true}]}}